{"id":28,"date":"2026-03-26T17:56:28","date_gmt":"2026-03-26T17:56:28","guid":{"rendered":"https:\/\/entex.fi\/wordpress\/?page_id=28"},"modified":"2026-04-06T12:32:27","modified_gmt":"2026-04-06T12:32:27","slug":"about","status":"publish","type":"page","link":"https:\/\/entex.fi\/index.php\/about\/","title":{"rendered":"MEIST\u00c4"},"content":{"rendered":"\n<div class=\"wp-block-group has-background is-layout-constrained wp-container-core-group-is-layout-08691ea1 wp-block-group-is-layout-constrained\" style=\"padding-top:100px;padding-right:20px;padding-bottom:100px;padding-left:20px\">\n<div class=\"wp-block-columns alignwide is-layout-flex wp-container-core-columns-is-layout-28f84493 wp-block-columns-is-layout-flex\">\n<div class=\"wp-block-column is-vertically-aligned-center is-layout-flow wp-block-column-is-layout-flow\" style=\"padding-top:0px;padding-right:40px;padding-left:40px\">\n<div class=\"wp-block-group alignwide is-layout-constrained wp-container-core-group-is-layout-26420631 wp-block-group-is-layout-constrained\">\n<h1 class=\"wp-block-heading animated animated-fadeInUp has-slider-title-font-size\" style=\"line-height:1.2\">Meist\u00e4 <\/h1>\n\n\n\n<p class=\"animated animated-fadeInUp\"> <\/p>\n\n\n\n<p>Meill\u00e4 on yli 30 vuoden kokemus rakennusalalta, mik\u00e4 takaa varman ja laadukkaan lopputuloksen kaikissa projekteissa. Toimimme aina sovitussa aikataulussa ja pid\u00e4mme kiinni lupauksistamme. Panostamme huolelliseen ty\u00f6nj\u00e4lkeen sek\u00e4 korkeaan laatuun jokaisessa ty\u00f6vaiheessa. Olemme luotettava kumppani niin pieniss\u00e4 kuin suuremmissakin kohteissa. Ty\u00f6skentelemme tehokkaasti ja joustavasti asiakkaan tarpeet huomioiden. Selke\u00e4 kommunikointi ja asiakastyytyv\u00e4isyys ovat meille ensisijaisen t\u00e4rkeit\u00e4. Kun valitset meid\u00e4t, saat ammattitaitoisen ja sitoutuneen tekij\u00e4n projektiisi.<\/p>\n\n\n\n<p><\/p>\n\n\n\n<p>Olemme luotettava ja kokenut rakennusalan ammattilainen \u2013 toteutamme ty\u00f6t laadukkaasti, tehokkaasti ja sovitussa aikataulussa. Panostamme huolelliseen ty\u00f6nj\u00e4lkeen, selke\u00e4\u00e4n kommunikointiin ja asiakkaan tyytyv\u00e4isyyteen jokaisessa projektissa.<\/p>\n\n\n\n<p class=\"animated animated-fadeInUp\">\u2022 Laadukas ty\u00f6nj\u00e4lki<br>\u2022 Ammattitaitoinen tiimi<br>\u2022 Luotettava ja joustava palvelu<br>\u2022 Kilpailukykyiset hinnat<br>\u2022 Ty\u00f6t sovitussa aikataulussa<br>\u2022 Pitk\u00e4 kokemus rakennusalalta<\/p>\n\n\n\n<div class=\"wp-block-group is-nowrap is-layout-flex wp-container-core-group-is-layout-e13ac5b4 wp-block-group-is-layout-flex\">\n<p><\/p>\n<\/div>\n<\/div>\n<\/div>\n<\/div>\n<\/div>\n\n\n\n<div style=\"height:61px\" aria-hidden=\"true\" class=\"wp-block-spacer\"><\/div>\n\n\n\n<div style=\"height:61px\" aria-hidden=\"true\" class=\"wp-block-spacer\"><\/div>\n\n\n\n<p><\/p>\n","protected":false},"excerpt":{"rendered":"<p>Meist\u00e4 Meill\u00e4 on yli 30 vuoden kokemus rakennusalalta, mik\u00e4 takaa varman ja laadukkaan lopputuloksen kaikissa projekteissa. Toimimme aina sovitussa aikataulussa ja pid\u00e4mme kiinni lupauksistamme. Panostamme huolelliseen ty\u00f6nj\u00e4lkeen sek\u00e4 korkeaan laatuun jokaisessa ty\u00f6vaiheessa. Olemme luotettava kumppani niin pieniss\u00e4 kuin suuremmissakin kohteissa. Ty\u00f6skentelemme tehokkaasti ja joustavasti asiakkaan tarpeet huomioiden. Selke\u00e4 kommunikointi ja&hellip;<\/p>\n","protected":false},"author":1,"featured_media":0,"parent":0,"menu_order":0,"comment_status":"closed","ping_status":"closed","template":"template-pagebuilder.php","meta":{"footnotes":""},"class_list":["post-28","page","type-page","status-publish","hentry"],"_links":{"self":[{"href":"https:\/\/entex.fi\/index.php\/wp-json\/wp\/v2\/pages\/28","targetHints":{"allow":["GET"]}}],"collection":[{"href":"https:\/\/entex.fi\/index.php\/wp-json\/wp\/v2\/pages"}],"about":[{"href":"https:\/\/entex.fi\/index.php\/wp-json\/wp\/v2\/types\/page"}],"author":[{"embeddable":true,"href":"https:\/\/entex.fi\/index.php\/wp-json\/wp\/v2\/users\/1"}],"replies":[{"embeddable":true,"href":"https:\/\/entex.fi\/index.php\/wp-json\/wp\/v2\/comments?post=28"}],"version-history":[{"count":6,"href":"https:\/\/entex.fi\/index.php\/wp-json\/wp\/v2\/pages\/28\/revisions"}],"predecessor-version":[{"id":260,"href":"https:\/\/entex.fi\/index.php\/wp-json\/wp\/v2\/pages\/28\/revisions\/260"}],"wp:attachment":[{"href":"https:\/\/entex.fi\/index.php\/wp-json\/wp\/v2\/media?parent=28"}],"curies":[{"name":"wp","href":"https:\/\/api.w.org\/{rel}","templated":true}]}}