{"id":268,"date":"2026-04-06T12:36:12","date_gmt":"2026-04-06T12:36:12","guid":{"rendered":"https:\/\/entex.fi\/?page_id=268"},"modified":"2026-04-15T16:35:49","modified_gmt":"2026-04-15T16:35:49","slug":"maalaustyot","status":"publish","type":"page","link":"https:\/\/entex.fi\/index.php\/maalaustyot\/","title":{"rendered":"MAALAUSTY\u00d6T"},"content":{"rendered":"\n<h1 class=\"wp-block-heading\">Maalausty\u00f6t<\/h1>\n\n\n\n<h3 class=\"wp-block-heading\"><\/h3>\n\n\n\n<p>Tarjoamme ammattitaitoiset&nbsp;<strong>maalausty\u00f6t kaikenkokoisiin kohteisiin<\/strong>. Toteutamme ty\u00f6t aina&nbsp;<strong>huolellisella pohjaty\u00f6ll\u00e4<\/strong>, jotta lopputulos on kest\u00e4v\u00e4, siisti ja pitk\u00e4ik\u00e4inen.<\/p>\n\n\n\n<p>Palveluumme kuuluu koko ty\u00f6prosessi&nbsp;<strong>rappauksesta ja tasoituksesta valmiiseen maalipintaan asti<\/strong>.<\/p>\n\n\n\n<p>Teemme maalaust\u00f6it\u00e4 esimerkiksi:<\/p>\n\n\n\n<ul class=\"wp-block-list\">\n<li>asunnot ja taloyhti\u00f6t<\/li>\n\n\n\n<li>porrask\u00e4yt\u00e4v\u00e4t<\/li>\n\n\n\n<li>kellaritilat ja tekniset tilat<\/li>\n\n\n\n<li>julkisivut ja sein\u00e4pinnat<\/li>\n\n\n\n<li>liiketilat ja muut suuremmat kohteet<\/li>\n<\/ul>\n\n\n\n<p>Suoritamme kaikki ty\u00f6vaiheet&nbsp;<strong>pintojen valmistelusta, tasoituksesta ja hionnasta lopulliseen maalaukseen asti<\/strong>.<\/p>\n\n\n\n<p>N\u00e4in varmistamme&nbsp;<strong>tasaisen, kest\u00e4v\u00e4n ja laadukkaan lopputuloksen<\/strong>&nbsp;jokaisessa projektissa.<\/p>\n\n\n\n<p>Ota yhteytt\u00e4 ja kysy lis\u00e4\u00e4 \u2013 annamme mielell\u00e4mme tarjouksen projektiisi.<\/p>\n\n\n\n<hr class=\"wp-block-separator has-alpha-channel-opacity is-style-wide\"\/>\n\n\n<div class=\"is-default-size wp-block-site-logo\"><a href=\"https:\/\/entex.fi\/\" class=\"custom-logo-link\" rel=\"home\"><img loading=\"lazy\" decoding=\"async\" width=\"867\" height=\"271\" src=\"https:\/\/entex.fi\/wp-content\/uploads\/2026\/03\/cropped-Entex-logo-4-3.png\" class=\"custom-logo\" alt=\"30 VUOTTA KOKEMUSTA\" srcset=\"https:\/\/entex.fi\/wp-content\/uploads\/2026\/03\/cropped-Entex-logo-4-3.png 867w, https:\/\/entex.fi\/wp-content\/uploads\/2026\/03\/cropped-Entex-logo-4-3-300x94.png 300w, https:\/\/entex.fi\/wp-content\/uploads\/2026\/03\/cropped-Entex-logo-4-3-768x240.png 768w\" sizes=\"auto, (max-width: 867px) 100vw, 867px\" \/><\/a><\/div>\n\n\n<p>30 VUOTTA KOKEMUSTA<\/p>\n","protected":false},"excerpt":{"rendered":"<p>Maalausty\u00f6t Tarjoamme ammattitaitoiset&nbsp;maalausty\u00f6t kaikenkokoisiin kohteisiin. Toteutamme ty\u00f6t aina&nbsp;huolellisella pohjaty\u00f6ll\u00e4, jotta lopputulos on kest\u00e4v\u00e4, siisti ja pitk\u00e4ik\u00e4inen. Palveluumme kuuluu koko ty\u00f6prosessi&nbsp;rappauksesta ja tasoituksesta valmiiseen maalipintaan asti. Teemme maalaust\u00f6it\u00e4 esimerkiksi: Suoritamme kaikki ty\u00f6vaiheet&nbsp;pintojen valmistelusta, tasoituksesta ja hionnasta lopulliseen maalaukseen asti. N\u00e4in varmistamme&nbsp;tasaisen, kest\u00e4v\u00e4n ja laadukkaan lopputuloksen&nbsp;jokaisessa projektissa. Ota yhteytt\u00e4 ja kysy lis\u00e4\u00e4&hellip;<\/p>\n","protected":false},"author":1,"featured_media":0,"parent":0,"menu_order":0,"comment_status":"closed","ping_status":"closed","template":"","meta":{"footnotes":""},"class_list":["post-268","page","type-page","status-publish","hentry"],"_links":{"self":[{"href":"https:\/\/entex.fi\/index.php\/wp-json\/wp\/v2\/pages\/268","targetHints":{"allow":["GET"]}}],"collection":[{"href":"https:\/\/entex.fi\/index.php\/wp-json\/wp\/v2\/pages"}],"about":[{"href":"https:\/\/entex.fi\/index.php\/wp-json\/wp\/v2\/types\/page"}],"author":[{"embeddable":true,"href":"https:\/\/entex.fi\/index.php\/wp-json\/wp\/v2\/users\/1"}],"replies":[{"embeddable":true,"href":"https:\/\/entex.fi\/index.php\/wp-json\/wp\/v2\/comments?post=268"}],"version-history":[{"count":2,"href":"https:\/\/entex.fi\/index.php\/wp-json\/wp\/v2\/pages\/268\/revisions"}],"predecessor-version":[{"id":412,"href":"https:\/\/entex.fi\/index.php\/wp-json\/wp\/v2\/pages\/268\/revisions\/412"}],"wp:attachment":[{"href":"https:\/\/entex.fi\/index.php\/wp-json\/wp\/v2\/media?parent=268"}],"curies":[{"name":"wp","href":"https:\/\/api.w.org\/{rel}","templated":true}]}}