{"id":264,"date":"2026-04-06T12:35:31","date_gmt":"2026-04-06T12:35:31","guid":{"rendered":"https:\/\/entex.fi\/?page_id=264"},"modified":"2026-04-15T16:32:32","modified_gmt":"2026-04-15T16:32:32","slug":"betonityot","status":"publish","type":"page","link":"https:\/\/entex.fi\/index.php\/betonityot\/","title":{"rendered":"BETONITY\u00d6T"},"content":{"rendered":"\n<h1 class=\"wp-block-heading\">Betonity\u00f6t<\/h1>\n\n\n\n<p>Toteutamme laadukkaat betonity\u00f6t ammattitaidolla erilaisiin rakennuskohteisiin. Meilt\u00e4 saat luotettavan tekij\u00e4n niin pienempiin kuin suurempiin betonivaluihin.<\/p>\n\n\n\n<p>Palveluihimme kuuluvat esimerkiksi:<\/p>\n\n\n\n<p>\u2022 kylpyhuoneiden kaatovalut<br>\u2022 plaanovalut<br>\u2022 suurten lattioiden betonivalut<br>\u2022 raudoitus- ja muottity\u00f6t<br>\u2022 muut betonirakenteisiin liittyv\u00e4t ty\u00f6t<\/p>\n\n\n\n<p>Teemme ty\u00f6t huolellisesti, hyv\u00e4\u00e4 rakennustapaa noudattaen ja sovitussa aikataulussa.<\/p>\n\n\n\n<p>Ota yhteytt\u00e4 ja pyyd\u00e4 tarjous betonit\u00f6ist\u00e4.<\/p>\n\n\n\n<figure class=\"wp-block-gallery has-nested-images columns-default is-cropped wp-block-gallery-1 is-layout-flex wp-block-gallery-is-layout-flex\">\n<figure class=\"wp-block-image size-large\"><img loading=\"lazy\" decoding=\"async\" width=\"480\" height=\"640\" data-id=\"141\" src=\"https:\/\/entex.fi\/wp-content\/uploads\/2026\/03\/IMG_3158-rotated.jpeg\" alt=\"\" class=\"wp-image-141\" srcset=\"https:\/\/entex.fi\/wp-content\/uploads\/2026\/03\/IMG_3158-rotated.jpeg 480w, https:\/\/entex.fi\/wp-content\/uploads\/2026\/03\/IMG_3158-225x300.jpeg 225w\" sizes=\"auto, (max-width: 480px) 100vw, 480px\" \/><\/figure>\n\n\n\n<figure class=\"wp-block-image size-large\"><img loading=\"lazy\" decoding=\"async\" width=\"480\" height=\"640\" data-id=\"137\" src=\"https:\/\/entex.fi\/wp-content\/uploads\/2026\/03\/IMG_2076-rotated.jpeg\" alt=\"\" class=\"wp-image-137\" srcset=\"https:\/\/entex.fi\/wp-content\/uploads\/2026\/03\/IMG_2076-rotated.jpeg 480w, https:\/\/entex.fi\/wp-content\/uploads\/2026\/03\/IMG_2076-225x300.jpeg 225w\" sizes=\"auto, (max-width: 480px) 100vw, 480px\" \/><\/figure>\n\n\n\n<figure class=\"wp-block-image size-large\"><img loading=\"lazy\" decoding=\"async\" width=\"480\" height=\"640\" data-id=\"139\" src=\"https:\/\/entex.fi\/wp-content\/uploads\/2026\/03\/IMG_2078-rotated.jpeg\" alt=\"\" class=\"wp-image-139\" srcset=\"https:\/\/entex.fi\/wp-content\/uploads\/2026\/03\/IMG_2078-rotated.jpeg 480w, https:\/\/entex.fi\/wp-content\/uploads\/2026\/03\/IMG_2078-225x300.jpeg 225w\" sizes=\"auto, (max-width: 480px) 100vw, 480px\" \/><\/figure>\n\n\n\n<figure class=\"wp-block-image size-large\"><img loading=\"lazy\" decoding=\"async\" width=\"480\" height=\"640\" data-id=\"400\" src=\"https:\/\/entex.fi\/wp-content\/uploads\/2026\/04\/IMG_4751-rotated.jpeg\" alt=\"\" class=\"wp-image-400\" srcset=\"https:\/\/entex.fi\/wp-content\/uploads\/2026\/04\/IMG_4751-rotated.jpeg 480w, https:\/\/entex.fi\/wp-content\/uploads\/2026\/04\/IMG_4751-225x300.jpeg 225w\" sizes=\"auto, (max-width: 480px) 100vw, 480px\" \/><\/figure>\n<\/figure>\n\n\n\n<hr class=\"wp-block-separator has-alpha-channel-opacity is-style-wide\"\/>\n\n\n<div class=\"is-default-size wp-block-site-logo\"><a href=\"https:\/\/entex.fi\/\" class=\"custom-logo-link\" rel=\"home\"><img loading=\"lazy\" decoding=\"async\" width=\"867\" height=\"271\" src=\"https:\/\/entex.fi\/wp-content\/uploads\/2026\/03\/cropped-Entex-logo-4-3.png\" class=\"custom-logo\" alt=\"30 VUOTTA KOKEMUSTA\" srcset=\"https:\/\/entex.fi\/wp-content\/uploads\/2026\/03\/cropped-Entex-logo-4-3.png 867w, https:\/\/entex.fi\/wp-content\/uploads\/2026\/03\/cropped-Entex-logo-4-3-300x94.png 300w, https:\/\/entex.fi\/wp-content\/uploads\/2026\/03\/cropped-Entex-logo-4-3-768x240.png 768w\" sizes=\"auto, (max-width: 867px) 100vw, 867px\" \/><\/a><\/div>\n\n\n<p>30 VUOTTA KOKEMUSTA<\/p>\n\n\n\n<p><\/p>\n","protected":false},"excerpt":{"rendered":"<p>Betonity\u00f6t Toteutamme laadukkaat betonity\u00f6t ammattitaidolla erilaisiin rakennuskohteisiin. Meilt\u00e4 saat luotettavan tekij\u00e4n niin pienempiin kuin suurempiin betonivaluihin. Palveluihimme kuuluvat esimerkiksi: \u2022 kylpyhuoneiden kaatovalut\u2022 plaanovalut\u2022 suurten lattioiden betonivalut\u2022 raudoitus- ja muottity\u00f6t\u2022 muut betonirakenteisiin liittyv\u00e4t ty\u00f6t Teemme ty\u00f6t huolellisesti, hyv\u00e4\u00e4 rakennustapaa noudattaen ja sovitussa aikataulussa. Ota yhteytt\u00e4 ja pyyd\u00e4 tarjous betonit\u00f6ist\u00e4. 30 VUOTTA&hellip;<\/p>\n","protected":false},"author":1,"featured_media":0,"parent":0,"menu_order":0,"comment_status":"closed","ping_status":"closed","template":"","meta":{"footnotes":""},"class_list":["post-264","page","type-page","status-publish","hentry"],"_links":{"self":[{"href":"https:\/\/entex.fi\/index.php\/wp-json\/wp\/v2\/pages\/264","targetHints":{"allow":["GET"]}}],"collection":[{"href":"https:\/\/entex.fi\/index.php\/wp-json\/wp\/v2\/pages"}],"about":[{"href":"https:\/\/entex.fi\/index.php\/wp-json\/wp\/v2\/types\/page"}],"author":[{"embeddable":true,"href":"https:\/\/entex.fi\/index.php\/wp-json\/wp\/v2\/users\/1"}],"replies":[{"embeddable":true,"href":"https:\/\/entex.fi\/index.php\/wp-json\/wp\/v2\/comments?post=264"}],"version-history":[{"count":3,"href":"https:\/\/entex.fi\/index.php\/wp-json\/wp\/v2\/pages\/264\/revisions"}],"predecessor-version":[{"id":409,"href":"https:\/\/entex.fi\/index.php\/wp-json\/wp\/v2\/pages\/264\/revisions\/409"}],"wp:attachment":[{"href":"https:\/\/entex.fi\/index.php\/wp-json\/wp\/v2\/media?parent=264"}],"curies":[{"name":"wp","href":"https:\/\/api.w.org\/{rel}","templated":true}]}}