{"id":262,"date":"2026-04-06T12:35:16","date_gmt":"2026-04-06T12:35:16","guid":{"rendered":"https:\/\/entex.fi\/?page_id=262"},"modified":"2026-04-15T16:32:13","modified_gmt":"2026-04-15T16:32:13","slug":"kylpyhuoneet","status":"publish","type":"page","link":"https:\/\/entex.fi\/index.php\/kylpyhuoneet\/","title":{"rendered":"KYLPYHUONEET"},"content":{"rendered":"\n<h2 class=\"wp-block-heading\"><strong>Kylpyhuoneiden rakentaminen ja remontointi<\/strong><\/h2>\n\n\n\n<p>Tarjoamme ammattitaitoista kylpyhuoneiden rakentamista ja remontointia yksityisasiakkaille, taloyhti\u00f6ille sek\u00e4 rakennusliikkeille. Toteutamme kaikki kylpyhuonetilat huolellisesti ja voimassa olevien rakennusm\u00e4\u00e4r\u00e4ysten mukaisesti.<\/p>\n\n\n\n<p>Palveluihimme kuuluvat:<\/p>\n\n\n\n<p>\u2022 kylpyhuoneiden rakentaminen ja remontointi<br>\u2022 vedeneristysty\u00f6t<br>\u2022 suurlaatoitus<br>\u2022 tasoitus- ja rappausty\u00f6t<br>\u2022 kaatovalut ja lattiaty\u00f6t<\/p>\n\n\n\n<p>Panostamme laadukkaaseen ty\u00f6nj\u00e4lkeen ja kest\u00e4viin ratkaisuihin, jotta lopputulos on toimiva, turvallinen ja pitk\u00e4ik\u00e4inen.<\/p>\n\n\n\n<p>Rakennamme ja remontoimme kylpyhuoneita koteihin, taloyhti\u00f6ihin sek\u00e4 erilaisiin rakennuskohteisiin.<\/p>\n\n\n\n<p>Ota yhteytt\u00e4 ja pyyd\u00e4 tarjous \u2013 toteutamme kylpyhuoneprojektit luotettavasti ja ammattitaidolla.<\/p>\n\n\n\n<figure class=\"wp-block-gallery has-nested-images columns-default is-cropped wp-block-gallery-1 is-layout-flex wp-block-gallery-is-layout-flex\">\n<figure class=\"wp-block-image size-large\"><img loading=\"lazy\" decoding=\"async\" width=\"1024\" height=\"576\" data-id=\"310\" src=\"https:\/\/entex.fi\/wp-content\/uploads\/2026\/04\/Untitled-design-8-1024x576.png\" alt=\"\" class=\"wp-image-310\" srcset=\"https:\/\/entex.fi\/wp-content\/uploads\/2026\/04\/Untitled-design-8-1024x576.png 1024w, https:\/\/entex.fi\/wp-content\/uploads\/2026\/04\/Untitled-design-8-300x169.png 300w, https:\/\/entex.fi\/wp-content\/uploads\/2026\/04\/Untitled-design-8-768x432.png 768w, https:\/\/entex.fi\/wp-content\/uploads\/2026\/04\/Untitled-design-8.png 1366w\" sizes=\"auto, (max-width: 1024px) 100vw, 1024px\" \/><\/figure>\n\n\n\n<figure class=\"wp-block-image size-large\"><img loading=\"lazy\" decoding=\"async\" width=\"480\" height=\"640\" data-id=\"152\" src=\"https:\/\/entex.fi\/wp-content\/uploads\/2026\/03\/IMG_5343-rotated.jpeg\" alt=\"\" class=\"wp-image-152\" srcset=\"https:\/\/entex.fi\/wp-content\/uploads\/2026\/03\/IMG_5343-rotated.jpeg 480w, https:\/\/entex.fi\/wp-content\/uploads\/2026\/03\/IMG_5343-225x300.jpeg 225w\" sizes=\"auto, (max-width: 480px) 100vw, 480px\" \/><\/figure>\n\n\n\n<figure class=\"wp-block-image size-large\"><img loading=\"lazy\" decoding=\"async\" width=\"480\" height=\"640\" data-id=\"153\" src=\"https:\/\/entex.fi\/wp-content\/uploads\/2026\/03\/IMG_5344-rotated.jpeg\" alt=\"\" class=\"wp-image-153\" srcset=\"https:\/\/entex.fi\/wp-content\/uploads\/2026\/03\/IMG_5344-rotated.jpeg 480w, https:\/\/entex.fi\/wp-content\/uploads\/2026\/03\/IMG_5344-225x300.jpeg 225w\" sizes=\"auto, (max-width: 480px) 100vw, 480px\" \/><\/figure>\n\n\n\n<figure class=\"wp-block-image size-large\"><img loading=\"lazy\" decoding=\"async\" width=\"480\" height=\"640\" data-id=\"143\" src=\"https:\/\/entex.fi\/wp-content\/uploads\/2026\/03\/IMG_5306-rotated.jpeg\" alt=\"\" class=\"wp-image-143\" srcset=\"https:\/\/entex.fi\/wp-content\/uploads\/2026\/03\/IMG_5306-rotated.jpeg 480w, https:\/\/entex.fi\/wp-content\/uploads\/2026\/03\/IMG_5306-225x300.jpeg 225w\" sizes=\"auto, (max-width: 480px) 100vw, 480px\" \/><\/figure>\n\n\n\n<figure class=\"wp-block-image size-large\"><img loading=\"lazy\" decoding=\"async\" width=\"640\" height=\"480\" data-id=\"122\" src=\"https:\/\/entex.fi\/wp-content\/uploads\/2026\/03\/IMG_1091.jpeg\" alt=\"\" class=\"wp-image-122\" srcset=\"https:\/\/entex.fi\/wp-content\/uploads\/2026\/03\/IMG_1091.jpeg 640w, https:\/\/entex.fi\/wp-content\/uploads\/2026\/03\/IMG_1091-300x225.jpeg 300w\" sizes=\"auto, (max-width: 640px) 100vw, 640px\" \/><\/figure>\n\n\n\n<figure class=\"wp-block-image size-large\"><img loading=\"lazy\" decoding=\"async\" width=\"480\" height=\"640\" data-id=\"135\" src=\"https:\/\/entex.fi\/wp-content\/uploads\/2026\/03\/IMG_1916-rotated.jpeg\" alt=\"\" class=\"wp-image-135\" srcset=\"https:\/\/entex.fi\/wp-content\/uploads\/2026\/03\/IMG_1916-rotated.jpeg 480w, https:\/\/entex.fi\/wp-content\/uploads\/2026\/03\/IMG_1916-225x300.jpeg 225w\" sizes=\"auto, (max-width: 480px) 100vw, 480px\" \/><\/figure>\n\n\n\n<figure class=\"wp-block-image size-large\"><img loading=\"lazy\" decoding=\"async\" width=\"480\" height=\"640\" data-id=\"142\" src=\"https:\/\/entex.fi\/wp-content\/uploads\/2026\/03\/IMG_5305-rotated.jpeg\" alt=\"\" class=\"wp-image-142\" srcset=\"https:\/\/entex.fi\/wp-content\/uploads\/2026\/03\/IMG_5305-rotated.jpeg 480w, https:\/\/entex.fi\/wp-content\/uploads\/2026\/03\/IMG_5305-225x300.jpeg 225w\" sizes=\"auto, (max-width: 480px) 100vw, 480px\" \/><\/figure>\n\n\n\n<figure class=\"wp-block-image size-large\"><img loading=\"lazy\" decoding=\"async\" width=\"480\" height=\"640\" data-id=\"150\" src=\"https:\/\/entex.fi\/wp-content\/uploads\/2026\/03\/IMG_5340-rotated.jpeg\" alt=\"\" class=\"wp-image-150\" srcset=\"https:\/\/entex.fi\/wp-content\/uploads\/2026\/03\/IMG_5340-rotated.jpeg 480w, https:\/\/entex.fi\/wp-content\/uploads\/2026\/03\/IMG_5340-225x300.jpeg 225w\" sizes=\"auto, (max-width: 480px) 100vw, 480px\" \/><\/figure>\n<\/figure>\n\n\n\n<hr class=\"wp-block-separator alignfull has-alpha-channel-opacity is-style-wide\"\/>\n\n\n<div class=\"is-default-size wp-block-site-logo\"><a href=\"https:\/\/entex.fi\/\" class=\"custom-logo-link\" rel=\"home\"><img loading=\"lazy\" decoding=\"async\" width=\"867\" height=\"271\" src=\"https:\/\/entex.fi\/wp-content\/uploads\/2026\/03\/cropped-Entex-logo-4-3.png\" class=\"custom-logo\" alt=\"30 VUOTTA KOKEMUSTA\" srcset=\"https:\/\/entex.fi\/wp-content\/uploads\/2026\/03\/cropped-Entex-logo-4-3.png 867w, https:\/\/entex.fi\/wp-content\/uploads\/2026\/03\/cropped-Entex-logo-4-3-300x94.png 300w, https:\/\/entex.fi\/wp-content\/uploads\/2026\/03\/cropped-Entex-logo-4-3-768x240.png 768w\" sizes=\"auto, (max-width: 867px) 100vw, 867px\" \/><\/a><\/div>\n\n\n<p>30 VUOTTA KOKEMUSTA<\/p>\n\n\n\n<p><\/p>\n","protected":false},"excerpt":{"rendered":"<p>Kylpyhuoneiden rakentaminen ja remontointi Tarjoamme ammattitaitoista kylpyhuoneiden rakentamista ja remontointia yksityisasiakkaille, taloyhti\u00f6ille sek\u00e4 rakennusliikkeille. Toteutamme kaikki kylpyhuonetilat huolellisesti ja voimassa olevien rakennusm\u00e4\u00e4r\u00e4ysten mukaisesti. Palveluihimme kuuluvat: \u2022 kylpyhuoneiden rakentaminen ja remontointi\u2022 vedeneristysty\u00f6t\u2022 suurlaatoitus\u2022 tasoitus- ja rappausty\u00f6t\u2022 kaatovalut ja lattiaty\u00f6t Panostamme laadukkaaseen ty\u00f6nj\u00e4lkeen ja kest\u00e4viin ratkaisuihin, jotta lopputulos on toimiva, turvallinen ja&hellip;<\/p>\n","protected":false},"author":1,"featured_media":0,"parent":0,"menu_order":0,"comment_status":"closed","ping_status":"closed","template":"","meta":{"footnotes":""},"class_list":["post-262","page","type-page","status-publish","hentry"],"_links":{"self":[{"href":"https:\/\/entex.fi\/index.php\/wp-json\/wp\/v2\/pages\/262","targetHints":{"allow":["GET"]}}],"collection":[{"href":"https:\/\/entex.fi\/index.php\/wp-json\/wp\/v2\/pages"}],"about":[{"href":"https:\/\/entex.fi\/index.php\/wp-json\/wp\/v2\/types\/page"}],"author":[{"embeddable":true,"href":"https:\/\/entex.fi\/index.php\/wp-json\/wp\/v2\/users\/1"}],"replies":[{"embeddable":true,"href":"https:\/\/entex.fi\/index.php\/wp-json\/wp\/v2\/comments?post=262"}],"version-history":[{"count":10,"href":"https:\/\/entex.fi\/index.php\/wp-json\/wp\/v2\/pages\/262\/revisions"}],"predecessor-version":[{"id":410,"href":"https:\/\/entex.fi\/index.php\/wp-json\/wp\/v2\/pages\/262\/revisions\/410"}],"wp:attachment":[{"href":"https:\/\/entex.fi\/index.php\/wp-json\/wp\/v2\/media?parent=262"}],"curies":[{"name":"wp","href":"https:\/\/api.w.org\/{rel}","templated":true}]}}