{"id":182,"date":"2026-03-29T17:28:58","date_gmt":"2026-03-29T17:28:58","guid":{"rendered":"https:\/\/entex.fi\/wordpress\/?page_id=182"},"modified":"2026-04-19T14:06:53","modified_gmt":"2026-04-19T14:06:53","slug":"saunat","status":"publish","type":"page","link":"https:\/\/entex.fi\/index.php\/saunat\/","title":{"rendered":"SAUNAT"},"content":{"rendered":"\n<h2 class=\"wp-block-heading\"><strong>Saunojen rakentaminen<\/strong><\/h2>\n\n\n\n<p>Rakennamme laadukkaita ja kest\u00e4vi\u00e4 saunoja ammattitaidolla. Toteutamme saunojen rakennus- ja remonttity\u00f6t luotettavasti ja huolellisesti valmiiden suunnitelmien mukaan. Olipa kyseess\u00e4 uusi sauna tai vanhan saunan uudistaminen, hoidamme ty\u00f6n alusta loppuun tehokkaasti ja siististi. Meille t\u00e4rkeint\u00e4 on laadukas ty\u00f6nj\u00e4lki sek\u00e4 asiakkaan tyytyv\u00e4isyys<\/p>\n\n\n\n<p>Palveluihimme kuuluvat :<\/p>\n\n\n\n<p>\u2022 Saunojen rakentaminen valmiiden suunnitelmien mukaan<br>\u2022 Saunaremontit ja saunojen uusiminen<br>\u2022 Lauteiden ja saunapaneelien asennus<br>\u2022 Saunatilojen eristys- ja rakennusty\u00f6t<br>\u2022 Viimeistelyty\u00f6t ja asennukset<\/p>\n\n\n\n<p>Rakennamme saunoja yksityiskoteihin, taloyhti\u00f6ihin sek\u00e4 rakennusliikkeiden kohteisiin.<\/p>\n\n\n\n<p>Kun tarvitset luotettavan tekij\u00e4n saunarakennust\u00f6ihin, ota yhteytt\u00e4 \u2013 teemme mielell\u00e4mme tarjouksen.<\/p>\n\n\n\n<p><strong><a href=\"https:\/\/entex.fi\/index.php\/contact\/\">Pyyd\u00e4 tarjous jo t\u00e4n\u00e4\u00e4n!<\/a><\/strong><\/p>\n\n\n\n<figure class=\"wp-block-gallery has-nested-images columns-default is-cropped wp-block-gallery-1 is-layout-flex wp-block-gallery-is-layout-flex\">\n<figure class=\"wp-block-image size-full\"><img loading=\"lazy\" decoding=\"async\" width=\"480\" height=\"640\" data-id=\"251\" src=\"https:\/\/entex.fi\/wp-content\/uploads\/2026\/04\/IMG_5315-rotated.jpeg\" alt=\"\" class=\"wp-image-251\" srcset=\"https:\/\/entex.fi\/wp-content\/uploads\/2026\/04\/IMG_5315-rotated.jpeg 480w, https:\/\/entex.fi\/wp-content\/uploads\/2026\/04\/IMG_5315-225x300.jpeg 225w\" sizes=\"auto, (max-width: 480px) 100vw, 480px\" \/><\/figure>\n\n\n\n<figure class=\"wp-block-image size-large\"><img loading=\"lazy\" decoding=\"async\" width=\"1024\" height=\"576\" data-id=\"162\" src=\"https:\/\/entex.fi\/wp-content\/uploads\/2026\/03\/Sauna-pilt-1024x576.jpg\" alt=\"\" class=\"wp-image-162\"\/><\/figure>\n\n\n\n<figure class=\"wp-block-image size-large\"><img loading=\"lazy\" decoding=\"async\" width=\"206\" height=\"206\" data-id=\"163\" src=\"https:\/\/entex.fi\/wp-content\/uploads\/2026\/03\/Saunapilt-2.webp\" alt=\"\" class=\"wp-image-163\" srcset=\"https:\/\/entex.fi\/wp-content\/uploads\/2026\/03\/Saunapilt-2.webp 206w, https:\/\/entex.fi\/wp-content\/uploads\/2026\/03\/Saunapilt-2-150x150.webp 150w\" sizes=\"auto, (max-width: 206px) 100vw, 206px\" \/><\/figure>\n\n\n\n<figure class=\"wp-block-image size-large\"><img loading=\"lazy\" decoding=\"async\" width=\"400\" height=\"480\" data-id=\"161\" src=\"https:\/\/entex.fi\/wp-content\/uploads\/2026\/03\/IMG_1069-1-e1776183316805.jpeg\" alt=\"\" class=\"wp-image-161\" srcset=\"https:\/\/entex.fi\/wp-content\/uploads\/2026\/03\/IMG_1069-1-e1776183316805.jpeg 400w, https:\/\/entex.fi\/wp-content\/uploads\/2026\/03\/IMG_1069-1-e1776183316805-250x300.jpeg 250w, https:\/\/entex.fi\/wp-content\/uploads\/2026\/03\/IMG_1069-1-e1776183316805-350x420.jpeg 350w\" sizes=\"auto, (max-width: 400px) 100vw, 400px\" \/><\/figure>\n\n\n\n<figure class=\"wp-block-image size-large\"><img loading=\"lazy\" decoding=\"async\" width=\"640\" height=\"480\" data-id=\"115\" src=\"https:\/\/entex.fi\/wp-content\/uploads\/2026\/03\/IMG_1084.jpeg\" alt=\"\" class=\"wp-image-115\" srcset=\"https:\/\/entex.fi\/wp-content\/uploads\/2026\/03\/IMG_1084.jpeg 640w, https:\/\/entex.fi\/wp-content\/uploads\/2026\/03\/IMG_1084-300x225.jpeg 300w\" sizes=\"auto, (max-width: 640px) 100vw, 640px\" \/><\/figure>\n\n\n\n<figure class=\"wp-block-image size-large\"><img loading=\"lazy\" decoding=\"async\" width=\"640\" height=\"480\" data-id=\"116\" src=\"https:\/\/entex.fi\/wp-content\/uploads\/2026\/03\/IMG_1085.jpeg\" alt=\"\" class=\"wp-image-116\" srcset=\"https:\/\/entex.fi\/wp-content\/uploads\/2026\/03\/IMG_1085.jpeg 640w, https:\/\/entex.fi\/wp-content\/uploads\/2026\/03\/IMG_1085-300x225.jpeg 300w\" sizes=\"auto, (max-width: 640px) 100vw, 640px\" \/><\/figure>\n<\/figure>\n\n\n\n<hr class=\"wp-block-separator has-alpha-channel-opacity is-style-wide\"\/>\n\n\n<div class=\"is-default-size wp-block-site-logo\"><a href=\"https:\/\/entex.fi\/\" class=\"custom-logo-link\" rel=\"home\"><img loading=\"lazy\" decoding=\"async\" width=\"867\" height=\"271\" src=\"https:\/\/entex.fi\/wp-content\/uploads\/2026\/03\/cropped-Entex-logo-4-3.png\" class=\"custom-logo\" alt=\"30 VUOTTA KOKEMUSTA\" srcset=\"https:\/\/entex.fi\/wp-content\/uploads\/2026\/03\/cropped-Entex-logo-4-3.png 867w, https:\/\/entex.fi\/wp-content\/uploads\/2026\/03\/cropped-Entex-logo-4-3-300x94.png 300w, https:\/\/entex.fi\/wp-content\/uploads\/2026\/03\/cropped-Entex-logo-4-3-768x240.png 768w\" sizes=\"auto, (max-width: 867px) 100vw, 867px\" \/><\/a><\/div>\n\n\n<p>30 VUOTAA KOKEMUSTA<\/p>\n\n\n\n<p><\/p>\n","protected":false},"excerpt":{"rendered":"<p>Saunojen rakentaminen Rakennamme laadukkaita ja kest\u00e4vi\u00e4 saunoja ammattitaidolla. Toteutamme saunojen rakennus- ja remonttity\u00f6t luotettavasti ja huolellisesti valmiiden suunnitelmien mukaan. Olipa kyseess\u00e4 uusi sauna tai vanhan saunan uudistaminen, hoidamme ty\u00f6n alusta loppuun tehokkaasti ja siististi. Meille t\u00e4rkeint\u00e4 on laadukas ty\u00f6nj\u00e4lki sek\u00e4 asiakkaan tyytyv\u00e4isyys Palveluihimme kuuluvat : \u2022 Saunojen rakentaminen valmiiden suunnitelmien&hellip;<\/p>\n","protected":false},"author":1,"featured_media":0,"parent":0,"menu_order":0,"comment_status":"closed","ping_status":"closed","template":"","meta":{"footnotes":""},"class_list":["post-182","page","type-page","status-publish","hentry"],"_links":{"self":[{"href":"https:\/\/entex.fi\/index.php\/wp-json\/wp\/v2\/pages\/182","targetHints":{"allow":["GET"]}}],"collection":[{"href":"https:\/\/entex.fi\/index.php\/wp-json\/wp\/v2\/pages"}],"about":[{"href":"https:\/\/entex.fi\/index.php\/wp-json\/wp\/v2\/types\/page"}],"author":[{"embeddable":true,"href":"https:\/\/entex.fi\/index.php\/wp-json\/wp\/v2\/users\/1"}],"replies":[{"embeddable":true,"href":"https:\/\/entex.fi\/index.php\/wp-json\/wp\/v2\/comments?post=182"}],"version-history":[{"count":7,"href":"https:\/\/entex.fi\/index.php\/wp-json\/wp\/v2\/pages\/182\/revisions"}],"predecessor-version":[{"id":491,"href":"https:\/\/entex.fi\/index.php\/wp-json\/wp\/v2\/pages\/182\/revisions\/491"}],"wp:attachment":[{"href":"https:\/\/entex.fi\/index.php\/wp-json\/wp\/v2\/media?parent=182"}],"curies":[{"name":"wp","href":"https:\/\/api.w.org\/{rel}","templated":true}]}}